{"id":60,"date":"2018-01-02T13:54:15","date_gmt":"2018-01-02T12:54:15","guid":{"rendered":"http:\/\/hbg-abi1984.de\/wordpress\/?page_id=60"},"modified":"2019-03-30T20:24:35","modified_gmt":"2019-03-30T19:24:35","slug":"ueber-uns","status":"publish","type":"page","link":"https:\/\/hbg-abi1984.de\/wordpress\/ueber-uns\/","title":{"rendered":"\u00dcber uns"},"content":{"rendered":"<p>Diese Web-Site ist zuerst einmal die zentrale Site der Sch\u00fclerinnen und Sch\u00fcler, die am Hardtberg-Gymnasium der Stadt Bonn im Jahr 1984 ihr Abitur gemacht haben.<\/p>\n<p>Da aber die Idee des Zusammenhalts gepflegt werden soll, m\u00f6gen sich bitte auch jene von dieser Seite angesprochen f\u00fchlen, die irgendwann in den Jahren 1975-1984 im Jahrgang waren der 1984 zur Abiturpr\u00fcfung anstand. Egal, ob sie nur f\u00fcr eine begrenzte Zeit Teil des Jahrgangs waren, oder aus welchen Gr\u00fcnden auch immer dem Jahrgang nicht bis zur Abi-Zeugnis\u00fcbergabe 1984 angeh\u00f6rt haben.<\/p>\n<p>Die Site wird aktiv gehalten, um allen Interessierten den Zusammenhalt des Jahrgangs zu erm\u00f6glichen.<\/p>\n<p>Ich freue mich immer, auch unabh\u00e4ngig von Anl\u00e4ssen, ein Feedback oder nur ein Lebenszeichen von Euch zu erhalten.<\/p>\n","protected":false},"excerpt":{"rendered":"<p>Diese Web-Site ist zuerst einmal die zentrale Site der Sch\u00fclerinnen und Sch\u00fcler, die am Hardtberg-Gymnasium der Stadt Bonn im Jahr 1984 ihr Abitur gemacht haben. Da aber die Idee des Zusammenhalts gepflegt werden soll, m\u00f6gen sich bitte auch jene von dieser Seite angesprochen f\u00fchlen, die irgendwann in den Jahren 1975-1984 im Jahrgang waren der 1984 <a class=\"read-more\" href=\"https:\/\/hbg-abi1984.de\/wordpress\/ueber-uns\/\">READ MORE<\/a><\/p>\n","protected":false},"author":1,"featured_media":0,"parent":0,"menu_order":0,"comment_status":"closed","ping_status":"closed","template":"","meta":{"footnotes":""},"class_list":["post-60","page","type-page","status-publish","hentry"],"_links":{"self":[{"href":"https:\/\/hbg-abi1984.de\/wordpress\/wp-json\/wp\/v2\/pages\/60"}],"collection":[{"href":"https:\/\/hbg-abi1984.de\/wordpress\/wp-json\/wp\/v2\/pages"}],"about":[{"href":"https:\/\/hbg-abi1984.de\/wordpress\/wp-json\/wp\/v2\/types\/page"}],"author":[{"embeddable":true,"href":"https:\/\/hbg-abi1984.de\/wordpress\/wp-json\/wp\/v2\/users\/1"}],"replies":[{"embeddable":true,"href":"https:\/\/hbg-abi1984.de\/wordpress\/wp-json\/wp\/v2\/comments?post=60"}],"version-history":[{"count":4,"href":"https:\/\/hbg-abi1984.de\/wordpress\/wp-json\/wp\/v2\/pages\/60\/revisions"}],"predecessor-version":[{"id":195,"href":"https:\/\/hbg-abi1984.de\/wordpress\/wp-json\/wp\/v2\/pages\/60\/revisions\/195"}],"wp:attachment":[{"href":"https:\/\/hbg-abi1984.de\/wordpress\/wp-json\/wp\/v2\/media?parent=60"}],"curies":[{"name":"wp","href":"https:\/\/api.w.org\/{rel}","templated":true}]}}