{"id":289,"date":"2019-09-28T15:39:36","date_gmt":"2019-09-28T13:39:36","guid":{"rendered":"http:\/\/hbg-abi1984.de\/wordpress\/?page_id=289"},"modified":"2019-09-28T15:49:09","modified_gmt":"2019-09-28T13:49:09","slug":"abifeier-1984-im-pz","status":"publish","type":"page","link":"https:\/\/hbg-abi1984.de\/wordpress\/abifeier-1984-im-pz\/","title":{"rendered":"Abifeier 1984 im PZ"},"content":{"rendered":"\n<p>Das genaue Datum kann ich nicht mehr rekonstruieren, aber es wird irgendwann im Juni 1984 gewesen sein, dass sich der Abiturjahrgang 1984 des Bonner Hardtberg-Gymnasiums im P\u00e4dagogischen Zentrum des Schulzentrum Hardtberg versammelt hat, um in Anwesenheit von Familienangeh\u00f6rigen, Freunden, Bekannten, der Schulf\u00fchrung und Teilen der Lehrerschaft nach mindestens 13 j\u00e4hriger Schulzeit endlich das Abiturzeugnis zu erhalten.<\/p>\n\n\n\n<p>In meinem Fotoarchiv habe ich einige Fotos von damals entdeckt. Ich nehme noch gerne weitere Fotos entgegen, um sie hier zu pr\u00e4sentieren.<\/p>\n\n\n<style type=\"text\/css\">\r\n\t#foogallery-gallery-288 .fg-image {\r\n        width: 150px;\r\n    }\r\n<\/style>\r\n\t\t\t\t<div class=\"foogallery foogallery-container foogallery-default foogallery-lightbox-foobox fg-gutter-10 fg-center fg-default fg-light fg-border-thin fg-shadow-outline fg-loading-default fg-loaded-fade-in fg-caption-hover fg-hover-fade fg-hover-zoom fg-ready\" id=\"foogallery-gallery-288\" data-foogallery=\"{&quot;item&quot;:{&quot;showCaptionTitle&quot;:true,&quot;showCaptionDescription&quot;:true},&quot;lazy&quot;:true}\" >\r\n\t<div class=\"fg-item fg-type-image fg-idle\"><figure class=\"fg-item-inner\"><a href=\"https:\/\/hbg-abi1984.de\/wordpress\/wp-content\/uploads\/2019\/09\/1984-06-08_Abifeier_Sketch_in_20_Jahren_03.jpg\" data-attachment-id=\"257\" data-type=\"image\" class=\"fg-thumb\"><span class=\"fg-image-wrap\"><img decoding=\"async\" width=\"150\" height=\"150\" class=\"skip-lazy fg-image\" data-src-fg=\"https:\/\/hbg-abi1984.de\/wordpress\/wp-content\/uploads\/cache\/2019\/09\/1984-06-08_Abifeier_Sketch_in_20_Jahren_03\/85934287.jpg\" src=\"data:image\/svg+xml,%3Csvg%20xmlns%3D%22http%3A%2F%2Fwww.w3.org%2F2000%2Fsvg%22%20width%3D%22150%22%20height%3D%22150%22%20viewBox%3D%220%200%20150%20150%22%3E%3C%2Fsvg%3E\" loading=\"eager\"><\/span><span class=\"fg-image-overlay\"><\/span><\/a><figcaption class=\"fg-caption\"><div class=\"fg-caption-inner\"><\/div><\/figcaption><\/figure><div class=\"fg-loader\"><\/div><\/div><div class=\"fg-item fg-type-image fg-idle\"><figure class=\"fg-item-inner\"><a href=\"https:\/\/hbg-abi1984.de\/wordpress\/wp-content\/uploads\/2019\/09\/1984-06-08_Abifeier_Sketch_in_20_Jahren_04.jpg\" data-attachment-id=\"258\" data-type=\"image\" class=\"fg-thumb\"><span class=\"fg-image-wrap\"><img decoding=\"async\" width=\"150\" height=\"150\" class=\"skip-lazy fg-image\" data-src-fg=\"https:\/\/hbg-abi1984.de\/wordpress\/wp-content\/uploads\/cache\/2019\/09\/1984-06-08_Abifeier_Sketch_in_20_Jahren_04\/2655226849.jpg\" src=\"data:image\/svg+xml,%3Csvg%20xmlns%3D%22http%3A%2F%2Fwww.w3.org%2F2000%2Fsvg%22%20width%3D%22150%22%20height%3D%22150%22%20viewBox%3D%220%200%20150%20150%22%3E%3C%2Fsvg%3E\" loading=\"eager\"><\/span><span class=\"fg-image-overlay\"><\/span><\/a><figcaption class=\"fg-caption\"><div class=\"fg-caption-inner\"><\/div><\/figcaption><\/figure><div class=\"fg-loader\"><\/div><\/div><div class=\"fg-item fg-type-image fg-idle\"><figure class=\"fg-item-inner\"><a href=\"https:\/\/hbg-abi1984.de\/wordpress\/wp-content\/uploads\/2019\/09\/1984-06-08_Abifeier_Sketch_in_20_Jahren_02.jpg\" data-attachment-id=\"256\" data-type=\"image\" class=\"fg-thumb\"><span class=\"fg-image-wrap\"><img decoding=\"async\" width=\"150\" height=\"150\" class=\"skip-lazy fg-image\" data-src-fg=\"https:\/\/hbg-abi1984.de\/wordpress\/wp-content\/uploads\/cache\/2019\/09\/1984-06-08_Abifeier_Sketch_in_20_Jahren_02\/4154982251.jpg\" src=\"data:image\/svg+xml,%3Csvg%20xmlns%3D%22http%3A%2F%2Fwww.w3.org%2F2000%2Fsvg%22%20width%3D%22150%22%20height%3D%22150%22%20viewBox%3D%220%200%20150%20150%22%3E%3C%2Fsvg%3E\" loading=\"eager\"><\/span><span class=\"fg-image-overlay\"><\/span><\/a><figcaption class=\"fg-caption\"><div class=\"fg-caption-inner\"><\/div><\/figcaption><\/figure><div class=\"fg-loader\"><\/div><\/div><div class=\"fg-item fg-type-image fg-idle\"><figure class=\"fg-item-inner\"><a href=\"https:\/\/hbg-abi1984.de\/wordpress\/wp-content\/uploads\/2019\/09\/1984-06-08_Abifeier_Sketch_in_20_Jahren_01.jpg\" data-attachment-id=\"255\" data-type=\"image\" class=\"fg-thumb\"><span class=\"fg-image-wrap\"><img decoding=\"async\" width=\"150\" height=\"150\" class=\"skip-lazy fg-image\" data-src-fg=\"https:\/\/hbg-abi1984.de\/wordpress\/wp-content\/uploads\/cache\/2019\/09\/1984-06-08_Abifeier_Sketch_in_20_Jahren_01\/991902150.jpg\" src=\"data:image\/svg+xml,%3Csvg%20xmlns%3D%22http%3A%2F%2Fwww.w3.org%2F2000%2Fsvg%22%20width%3D%22150%22%20height%3D%22150%22%20viewBox%3D%220%200%20150%20150%22%3E%3C%2Fsvg%3E\" loading=\"eager\"><\/span><span class=\"fg-image-overlay\"><\/span><\/a><figcaption class=\"fg-caption\"><div class=\"fg-caption-inner\"><\/div><\/figcaption><\/figure><div class=\"fg-loader\"><\/div><\/div><div class=\"fg-item fg-type-image fg-idle\"><figure class=\"fg-item-inner\"><a href=\"https:\/\/hbg-abi1984.de\/wordpress\/wp-content\/uploads\/2019\/09\/1984-06-08_Abifeier_Rede_Gorrissen_02.jpg\" data-attachment-id=\"254\" data-type=\"image\" class=\"fg-thumb\"><span class=\"fg-image-wrap\"><img decoding=\"async\" width=\"150\" height=\"150\" class=\"skip-lazy fg-image\" data-src-fg=\"https:\/\/hbg-abi1984.de\/wordpress\/wp-content\/uploads\/cache\/2019\/09\/1984-06-08_Abifeier_Rede_Gorrissen_02\/306743595.jpg\" src=\"data:image\/svg+xml,%3Csvg%20xmlns%3D%22http%3A%2F%2Fwww.w3.org%2F2000%2Fsvg%22%20width%3D%22150%22%20height%3D%22150%22%20viewBox%3D%220%200%20150%20150%22%3E%3C%2Fsvg%3E\" loading=\"eager\"><\/span><span class=\"fg-image-overlay\"><\/span><\/a><figcaption class=\"fg-caption\"><div class=\"fg-caption-inner\"><\/div><\/figcaption><\/figure><div class=\"fg-loader\"><\/div><\/div><div class=\"fg-item fg-type-image fg-idle\"><figure class=\"fg-item-inner\"><a href=\"https:\/\/hbg-abi1984.de\/wordpress\/wp-content\/uploads\/2019\/09\/1984-06-08_Abifeier_Rede_Everding_01.jpg\" data-attachment-id=\"252\" data-type=\"image\" class=\"fg-thumb\"><span class=\"fg-image-wrap\"><img decoding=\"async\" width=\"150\" height=\"150\" class=\"skip-lazy fg-image\" data-src-fg=\"https:\/\/hbg-abi1984.de\/wordpress\/wp-content\/uploads\/cache\/2019\/09\/1984-06-08_Abifeier_Rede_Everding_01\/3011807179.jpg\" src=\"data:image\/svg+xml,%3Csvg%20xmlns%3D%22http%3A%2F%2Fwww.w3.org%2F2000%2Fsvg%22%20width%3D%22150%22%20height%3D%22150%22%20viewBox%3D%220%200%20150%20150%22%3E%3C%2Fsvg%3E\" loading=\"eager\"><\/span><span class=\"fg-image-overlay\"><\/span><\/a><figcaption class=\"fg-caption\"><div class=\"fg-caption-inner\"><\/div><\/figcaption><\/figure><div class=\"fg-loader\"><\/div><\/div><div class=\"fg-item fg-type-image fg-idle\"><figure class=\"fg-item-inner\"><a href=\"https:\/\/hbg-abi1984.de\/wordpress\/wp-content\/uploads\/2019\/09\/1984-06-08_Abifeier_Rede_Gorrissen_01.jpg\" data-attachment-id=\"253\" data-type=\"image\" class=\"fg-thumb\"><span class=\"fg-image-wrap\"><img decoding=\"async\" width=\"150\" height=\"150\" class=\"skip-lazy fg-image\" data-src-fg=\"https:\/\/hbg-abi1984.de\/wordpress\/wp-content\/uploads\/cache\/2019\/09\/1984-06-08_Abifeier_Rede_Gorrissen_01\/2613891450.jpg\" src=\"data:image\/svg+xml,%3Csvg%20xmlns%3D%22http%3A%2F%2Fwww.w3.org%2F2000%2Fsvg%22%20width%3D%22150%22%20height%3D%22150%22%20viewBox%3D%220%200%20150%20150%22%3E%3C%2Fsvg%3E\" loading=\"eager\"><\/span><span class=\"fg-image-overlay\"><\/span><\/a><figcaption class=\"fg-caption\"><div class=\"fg-caption-inner\"><\/div><\/figcaption><\/figure><div class=\"fg-loader\"><\/div><\/div><div class=\"fg-item fg-type-image fg-idle\"><figure class=\"fg-item-inner\"><a href=\"https:\/\/hbg-abi1984.de\/wordpress\/wp-content\/uploads\/2019\/09\/Bild_0006.jpg\" data-attachment-id=\"284\" data-type=\"image\" class=\"fg-thumb\"><span class=\"fg-image-wrap\"><img decoding=\"async\" width=\"150\" height=\"150\" class=\"skip-lazy fg-image\" data-src-fg=\"https:\/\/hbg-abi1984.de\/wordpress\/wp-content\/uploads\/cache\/2019\/09\/Bild_0006\/350529046.jpg\" src=\"data:image\/svg+xml,%3Csvg%20xmlns%3D%22http%3A%2F%2Fwww.w3.org%2F2000%2Fsvg%22%20width%3D%22150%22%20height%3D%22150%22%20viewBox%3D%220%200%20150%20150%22%3E%3C%2Fsvg%3E\" loading=\"eager\"><\/span><span class=\"fg-image-overlay\"><\/span><\/a><figcaption class=\"fg-caption\"><div class=\"fg-caption-inner\"><\/div><\/figcaption><\/figure><div class=\"fg-loader\"><\/div><\/div><div class=\"fg-item fg-type-image fg-idle\"><figure class=\"fg-item-inner\"><a href=\"https:\/\/hbg-abi1984.de\/wordpress\/wp-content\/uploads\/2019\/09\/Bild_0005.jpg\" data-attachment-id=\"283\" data-type=\"image\" class=\"fg-thumb\"><span class=\"fg-image-wrap\"><img decoding=\"async\" width=\"150\" height=\"150\" class=\"skip-lazy fg-image\" data-src-fg=\"https:\/\/hbg-abi1984.de\/wordpress\/wp-content\/uploads\/cache\/2019\/09\/Bild_0005\/2161343099.jpg\" src=\"data:image\/svg+xml,%3Csvg%20xmlns%3D%22http%3A%2F%2Fwww.w3.org%2F2000%2Fsvg%22%20width%3D%22150%22%20height%3D%22150%22%20viewBox%3D%220%200%20150%20150%22%3E%3C%2Fsvg%3E\" loading=\"eager\"><\/span><span class=\"fg-image-overlay\"><\/span><\/a><figcaption class=\"fg-caption\"><div class=\"fg-caption-inner\"><\/div><\/figcaption><\/figure><div class=\"fg-loader\"><\/div><\/div><div class=\"fg-item fg-type-image fg-idle\"><figure class=\"fg-item-inner\"><a href=\"https:\/\/hbg-abi1984.de\/wordpress\/wp-content\/uploads\/2019\/09\/Bild_0004.jpg\" data-attachment-id=\"282\" data-type=\"image\" class=\"fg-thumb\"><span class=\"fg-image-wrap\"><img decoding=\"async\" width=\"150\" height=\"150\" class=\"skip-lazy fg-image\" data-src-fg=\"https:\/\/hbg-abi1984.de\/wordpress\/wp-content\/uploads\/cache\/2019\/09\/Bild_0004\/3272271441.jpg\" src=\"data:image\/svg+xml,%3Csvg%20xmlns%3D%22http%3A%2F%2Fwww.w3.org%2F2000%2Fsvg%22%20width%3D%22150%22%20height%3D%22150%22%20viewBox%3D%220%200%20150%20150%22%3E%3C%2Fsvg%3E\" loading=\"eager\"><\/span><span class=\"fg-image-overlay\"><\/span><\/a><figcaption class=\"fg-caption\"><div class=\"fg-caption-inner\"><\/div><\/figcaption><\/figure><div class=\"fg-loader\"><\/div><\/div><div class=\"fg-item fg-type-image fg-idle\"><figure class=\"fg-item-inner\"><a href=\"https:\/\/hbg-abi1984.de\/wordpress\/wp-content\/uploads\/2019\/09\/Bild_0003.jpg\" data-attachment-id=\"281\" data-type=\"image\" class=\"fg-thumb\"><span class=\"fg-image-wrap\"><img decoding=\"async\" width=\"150\" height=\"150\" class=\"skip-lazy fg-image\" data-src-fg=\"https:\/\/hbg-abi1984.de\/wordpress\/wp-content\/uploads\/cache\/2019\/09\/Bild_0003\/2200587477.jpg\" src=\"data:image\/svg+xml,%3Csvg%20xmlns%3D%22http%3A%2F%2Fwww.w3.org%2F2000%2Fsvg%22%20width%3D%22150%22%20height%3D%22150%22%20viewBox%3D%220%200%20150%20150%22%3E%3C%2Fsvg%3E\" loading=\"eager\"><\/span><span class=\"fg-image-overlay\"><\/span><\/a><figcaption class=\"fg-caption\"><div class=\"fg-caption-inner\"><\/div><\/figcaption><\/figure><div class=\"fg-loader\"><\/div><\/div><div class=\"fg-item fg-type-image fg-idle\"><figure class=\"fg-item-inner\"><a href=\"https:\/\/hbg-abi1984.de\/wordpress\/wp-content\/uploads\/2019\/09\/Bild_0002.jpg\" data-attachment-id=\"280\" data-type=\"image\" class=\"fg-thumb\"><span class=\"fg-image-wrap\"><img decoding=\"async\" width=\"150\" height=\"150\" class=\"skip-lazy fg-image\" data-src-fg=\"https:\/\/hbg-abi1984.de\/wordpress\/wp-content\/uploads\/cache\/2019\/09\/Bild_0002\/3237204223.jpg\" src=\"data:image\/svg+xml,%3Csvg%20xmlns%3D%22http%3A%2F%2Fwww.w3.org%2F2000%2Fsvg%22%20width%3D%22150%22%20height%3D%22150%22%20viewBox%3D%220%200%20150%20150%22%3E%3C%2Fsvg%3E\" loading=\"eager\"><\/span><span class=\"fg-image-overlay\"><\/span><\/a><figcaption class=\"fg-caption\"><div class=\"fg-caption-inner\"><\/div><\/figcaption><\/figure><div class=\"fg-loader\"><\/div><\/div><div class=\"fg-item fg-type-image fg-idle\"><figure class=\"fg-item-inner\"><a href=\"https:\/\/hbg-abi1984.de\/wordpress\/wp-content\/uploads\/2019\/09\/Bild_0001.jpg\" data-attachment-id=\"279\" data-type=\"image\" class=\"fg-thumb\"><span class=\"fg-image-wrap\"><img decoding=\"async\" width=\"150\" height=\"150\" class=\"skip-lazy fg-image\" data-src-fg=\"https:\/\/hbg-abi1984.de\/wordpress\/wp-content\/uploads\/cache\/2019\/09\/Bild_0001\/3103953535.jpg\" src=\"data:image\/svg+xml,%3Csvg%20xmlns%3D%22http%3A%2F%2Fwww.w3.org%2F2000%2Fsvg%22%20width%3D%22150%22%20height%3D%22150%22%20viewBox%3D%220%200%20150%20150%22%3E%3C%2Fsvg%3E\" loading=\"eager\"><\/span><span class=\"fg-image-overlay\"><\/span><\/a><figcaption class=\"fg-caption\"><div class=\"fg-caption-inner\"><\/div><\/figcaption><\/figure><div class=\"fg-loader\"><\/div><\/div><div class=\"fg-item fg-type-image fg-idle\"><figure class=\"fg-item-inner\"><a href=\"https:\/\/hbg-abi1984.de\/wordpress\/wp-content\/uploads\/2019\/09\/1984-06-08_Abifeier_Zeugnisuebergabe_HP_ERNST_01.jpg\" data-attachment-id=\"267\" data-type=\"image\" class=\"fg-thumb\"><span class=\"fg-image-wrap\"><img decoding=\"async\" width=\"150\" height=\"150\" class=\"skip-lazy fg-image\" data-src-fg=\"https:\/\/hbg-abi1984.de\/wordpress\/wp-content\/uploads\/cache\/2019\/09\/1984-06-08_Abifeier_Zeugnisuebergabe_HP_ERNST_01\/742145774.jpg\" src=\"data:image\/svg+xml,%3Csvg%20xmlns%3D%22http%3A%2F%2Fwww.w3.org%2F2000%2Fsvg%22%20width%3D%22150%22%20height%3D%22150%22%20viewBox%3D%220%200%20150%20150%22%3E%3C%2Fsvg%3E\" loading=\"eager\"><\/span><span class=\"fg-image-overlay\"><\/span><\/a><figcaption class=\"fg-caption\"><div class=\"fg-caption-inner\"><\/div><\/figcaption><\/figure><div class=\"fg-loader\"><\/div><\/div><div class=\"fg-item fg-type-image fg-idle\"><figure class=\"fg-item-inner\"><a href=\"https:\/\/hbg-abi1984.de\/wordpress\/wp-content\/uploads\/2019\/09\/1984-06-08_Abifeier_Zeugnisuebergabe_HP_ERNST.jpg\" data-attachment-id=\"266\" data-type=\"image\" class=\"fg-thumb\"><span class=\"fg-image-wrap\"><img decoding=\"async\" width=\"150\" height=\"150\" class=\"skip-lazy fg-image\" data-src-fg=\"https:\/\/hbg-abi1984.de\/wordpress\/wp-content\/uploads\/cache\/2019\/09\/1984-06-08_Abifeier_Zeugnisuebergabe_HP_ERNST\/4173977187.jpg\" src=\"data:image\/svg+xml,%3Csvg%20xmlns%3D%22http%3A%2F%2Fwww.w3.org%2F2000%2Fsvg%22%20width%3D%22150%22%20height%3D%22150%22%20viewBox%3D%220%200%20150%20150%22%3E%3C%2Fsvg%3E\" loading=\"eager\"><\/span><span class=\"fg-image-overlay\"><\/span><\/a><figcaption class=\"fg-caption\"><div class=\"fg-caption-inner\"><\/div><\/figcaption><\/figure><div class=\"fg-loader\"><\/div><\/div><div class=\"fg-item fg-type-image fg-idle\"><figure class=\"fg-item-inner\"><a href=\"https:\/\/hbg-abi1984.de\/wordpress\/wp-content\/uploads\/2019\/09\/1984-06-08_Abifeier_Zeugnisuebergabe_Herr_Heer.jpg\" data-attachment-id=\"265\" data-type=\"image\" class=\"fg-thumb\"><span class=\"fg-image-wrap\"><img decoding=\"async\" width=\"150\" height=\"150\" class=\"skip-lazy fg-image\" data-src-fg=\"https:\/\/hbg-abi1984.de\/wordpress\/wp-content\/uploads\/cache\/2019\/09\/1984-06-08_Abifeier_Zeugnisuebergabe_Herr_Heer\/1611282067.jpg\" src=\"data:image\/svg+xml,%3Csvg%20xmlns%3D%22http%3A%2F%2Fwww.w3.org%2F2000%2Fsvg%22%20width%3D%22150%22%20height%3D%22150%22%20viewBox%3D%220%200%20150%20150%22%3E%3C%2Fsvg%3E\" loading=\"eager\"><\/span><span class=\"fg-image-overlay\"><\/span><\/a><figcaption class=\"fg-caption\"><div class=\"fg-caption-inner\"><\/div><\/figcaption><\/figure><div class=\"fg-loader\"><\/div><\/div><div class=\"fg-item fg-type-image fg-idle\"><figure class=\"fg-item-inner\"><a href=\"https:\/\/hbg-abi1984.de\/wordpress\/wp-content\/uploads\/2019\/09\/1984-06-08_Abifeier_Zeugnisuebergabe_Gorrissen_und_Frau.jpg\" data-attachment-id=\"264\" data-type=\"image\" class=\"fg-thumb\"><span class=\"fg-image-wrap\"><img decoding=\"async\" width=\"150\" height=\"150\" class=\"skip-lazy fg-image\" data-src-fg=\"https:\/\/hbg-abi1984.de\/wordpress\/wp-content\/uploads\/cache\/2019\/09\/1984-06-08_Abifeier_Zeugnisuebergabe_Gorrissen_und_Frau\/1752070733.jpg\" src=\"data:image\/svg+xml,%3Csvg%20xmlns%3D%22http%3A%2F%2Fwww.w3.org%2F2000%2Fsvg%22%20width%3D%22150%22%20height%3D%22150%22%20viewBox%3D%220%200%20150%20150%22%3E%3C%2Fsvg%3E\" loading=\"eager\"><\/span><span class=\"fg-image-overlay\"><\/span><\/a><figcaption class=\"fg-caption\"><div class=\"fg-caption-inner\"><\/div><\/figcaption><\/figure><div class=\"fg-loader\"><\/div><\/div><div class=\"fg-item fg-type-image fg-idle\"><figure class=\"fg-item-inner\"><a href=\"https:\/\/hbg-abi1984.de\/wordpress\/wp-content\/uploads\/2019\/09\/1984-06-08_Abifeier_Zeugnisuebergabe_Gorrissen_sortiert_Zeugnisse.jpg\" data-attachment-id=\"263\" data-type=\"image\" class=\"fg-thumb\"><span class=\"fg-image-wrap\"><img decoding=\"async\" width=\"150\" height=\"150\" class=\"skip-lazy fg-image\" data-src-fg=\"https:\/\/hbg-abi1984.de\/wordpress\/wp-content\/uploads\/cache\/2019\/09\/1984-06-08_Abifeier_Zeugnisuebergabe_Gorrissen_sortiert_Zeugnisse\/527686713.jpg\" src=\"data:image\/svg+xml,%3Csvg%20xmlns%3D%22http%3A%2F%2Fwww.w3.org%2F2000%2Fsvg%22%20width%3D%22150%22%20height%3D%22150%22%20viewBox%3D%220%200%20150%20150%22%3E%3C%2Fsvg%3E\" loading=\"eager\"><\/span><span class=\"fg-image-overlay\"><\/span><\/a><figcaption class=\"fg-caption\"><div class=\"fg-caption-inner\"><\/div><\/figcaption><\/figure><div class=\"fg-loader\"><\/div><\/div><div class=\"fg-item fg-type-image fg-idle\"><figure class=\"fg-item-inner\"><a href=\"https:\/\/hbg-abi1984.de\/wordpress\/wp-content\/uploads\/2019\/09\/1984-06-08_Abifeier_Zeugnisuebergabe_Frintrup_02.jpg\" data-attachment-id=\"262\" data-type=\"image\" class=\"fg-thumb\"><span class=\"fg-image-wrap\"><img decoding=\"async\" width=\"150\" height=\"150\" class=\"skip-lazy fg-image\" data-src-fg=\"https:\/\/hbg-abi1984.de\/wordpress\/wp-content\/uploads\/cache\/2019\/09\/1984-06-08_Abifeier_Zeugnisuebergabe_Frintrup_02\/128682539.jpg\" src=\"data:image\/svg+xml,%3Csvg%20xmlns%3D%22http%3A%2F%2Fwww.w3.org%2F2000%2Fsvg%22%20width%3D%22150%22%20height%3D%22150%22%20viewBox%3D%220%200%20150%20150%22%3E%3C%2Fsvg%3E\" loading=\"eager\"><\/span><span class=\"fg-image-overlay\"><\/span><\/a><figcaption class=\"fg-caption\"><div class=\"fg-caption-inner\"><\/div><\/figcaption><\/figure><div class=\"fg-loader\"><\/div><\/div><div class=\"fg-item fg-type-image fg-idle\"><figure class=\"fg-item-inner\"><a href=\"https:\/\/hbg-abi1984.de\/wordpress\/wp-content\/uploads\/2019\/09\/1984-06-08_Abifeier_Zeugnisuebergabe_Frintrup.jpg\" data-attachment-id=\"261\" data-type=\"image\" class=\"fg-thumb\"><span class=\"fg-image-wrap\"><img decoding=\"async\" width=\"150\" height=\"150\" class=\"skip-lazy fg-image\" data-src-fg=\"https:\/\/hbg-abi1984.de\/wordpress\/wp-content\/uploads\/cache\/2019\/09\/1984-06-08_Abifeier_Zeugnisuebergabe_Frintrup\/4262980503.jpg\" src=\"data:image\/svg+xml,%3Csvg%20xmlns%3D%22http%3A%2F%2Fwww.w3.org%2F2000%2Fsvg%22%20width%3D%22150%22%20height%3D%22150%22%20viewBox%3D%220%200%20150%20150%22%3E%3C%2Fsvg%3E\" loading=\"eager\"><\/span><span class=\"fg-image-overlay\"><\/span><\/a><figcaption class=\"fg-caption\"><div class=\"fg-caption-inner\"><\/div><\/figcaption><\/figure><div class=\"fg-loader\"><\/div><\/div><div class=\"fg-item fg-type-image fg-idle\"><figure class=\"fg-item-inner\"><a href=\"https:\/\/hbg-abi1984.de\/wordpress\/wp-content\/uploads\/2019\/09\/1984-06-08_Abifeier_Stephan_ermert_Klavier_01.jpg\" data-attachment-id=\"260\" data-type=\"image\" class=\"fg-thumb\"><span class=\"fg-image-wrap\"><img decoding=\"async\" width=\"150\" height=\"150\" class=\"skip-lazy fg-image\" data-src-fg=\"https:\/\/hbg-abi1984.de\/wordpress\/wp-content\/uploads\/cache\/2019\/09\/1984-06-08_Abifeier_Stephan_ermert_Klavier_01\/1541731439.jpg\" src=\"data:image\/svg+xml,%3Csvg%20xmlns%3D%22http%3A%2F%2Fwww.w3.org%2F2000%2Fsvg%22%20width%3D%22150%22%20height%3D%22150%22%20viewBox%3D%220%200%20150%20150%22%3E%3C%2Fsvg%3E\" loading=\"eager\"><\/span><span class=\"fg-image-overlay\"><\/span><\/a><figcaption class=\"fg-caption\"><div class=\"fg-caption-inner\"><\/div><\/figcaption><\/figure><div class=\"fg-loader\"><\/div><\/div><div class=\"fg-item fg-type-image fg-idle\"><figure class=\"fg-item-inner\"><a href=\"https:\/\/hbg-abi1984.de\/wordpress\/wp-content\/uploads\/2019\/09\/1984-06-08_Abifeier_Stephan_ermert_Klavier.jpg\" data-attachment-id=\"259\" data-type=\"image\" class=\"fg-thumb\"><span class=\"fg-image-wrap\"><img decoding=\"async\" width=\"150\" height=\"150\" class=\"skip-lazy fg-image\" data-src-fg=\"https:\/\/hbg-abi1984.de\/wordpress\/wp-content\/uploads\/cache\/2019\/09\/1984-06-08_Abifeier_Stephan_ermert_Klavier\/277965025.jpg\" src=\"data:image\/svg+xml,%3Csvg%20xmlns%3D%22http%3A%2F%2Fwww.w3.org%2F2000%2Fsvg%22%20width%3D%22150%22%20height%3D%22150%22%20viewBox%3D%220%200%20150%20150%22%3E%3C%2Fsvg%3E\" loading=\"eager\"><\/span><span class=\"fg-image-overlay\"><\/span><\/a><figcaption class=\"fg-caption\"><div class=\"fg-caption-inner\"><\/div><\/figcaption><\/figure><div class=\"fg-loader\"><\/div><\/div><\/div>\r\n","protected":false},"excerpt":{"rendered":"<p>Das genaue Datum kann ich nicht mehr rekonstruieren, aber es wird irgendwann im Juni 1984 gewesen sein, dass sich der Abiturjahrgang 1984 des Bonner Hardtberg-Gymnasiums im P\u00e4dagogischen Zentrum des Schulzentrum Hardtberg versammelt hat, um in Anwesenheit von Familienangeh\u00f6rigen, Freunden, Bekannten, der Schulf\u00fchrung und Teilen der Lehrerschaft nach mindestens 13 j\u00e4hriger Schulzeit endlich das Abiturzeugnis zu <a class=\"read-more\" href=\"https:\/\/hbg-abi1984.de\/wordpress\/abifeier-1984-im-pz\/\">READ MORE<\/a><\/p>\n","protected":false},"author":1,"featured_media":0,"parent":0,"menu_order":0,"comment_status":"closed","ping_status":"closed","template":"","meta":{"footnotes":""},"class_list":["post-289","page","type-page","status-publish","hentry"],"_links":{"self":[{"href":"https:\/\/hbg-abi1984.de\/wordpress\/wp-json\/wp\/v2\/pages\/289"}],"collection":[{"href":"https:\/\/hbg-abi1984.de\/wordpress\/wp-json\/wp\/v2\/pages"}],"about":[{"href":"https:\/\/hbg-abi1984.de\/wordpress\/wp-json\/wp\/v2\/types\/page"}],"author":[{"embeddable":true,"href":"https:\/\/hbg-abi1984.de\/wordpress\/wp-json\/wp\/v2\/users\/1"}],"replies":[{"embeddable":true,"href":"https:\/\/hbg-abi1984.de\/wordpress\/wp-json\/wp\/v2\/comments?post=289"}],"version-history":[{"count":3,"href":"https:\/\/hbg-abi1984.de\/wordpress\/wp-json\/wp\/v2\/pages\/289\/revisions"}],"predecessor-version":[{"id":293,"href":"https:\/\/hbg-abi1984.de\/wordpress\/wp-json\/wp\/v2\/pages\/289\/revisions\/293"}],"wp:attachment":[{"href":"https:\/\/hbg-abi1984.de\/wordpress\/wp-json\/wp\/v2\/media?parent=289"}],"curies":[{"name":"wp","href":"https:\/\/api.w.org\/{rel}","templated":true}]}}